{"id":2003,"date":"2024-03-18T14:39:47","date_gmt":"2024-03-18T13:39:47","guid":{"rendered":"https:\/\/parkandflyfaro.com\/?page_id=2003"},"modified":"2024-12-12T12:48:11","modified_gmt":"2024-12-12T11:48:11","slug":"cookies","status":"publish","type":"page","link":"https:\/\/parkandflyfaro.com\/pt-pt\/cookies\/","title":{"rendered":"Pol\u00edtica de cookies"},"content":{"rendered":"\t\t<div data-elementor-type=\"wp-page\" data-elementor-id=\"2003\" class=\"elementor elementor-2003\" data-elementor-settings=\"[]\">\n\t\t\t\t\t\t<div class=\"elementor-inner\">\n\t\t\t\t\t\t\t<div class=\"elementor-section-wrap\">\n\t\t\t\t\t\t\t<section class=\"elementor-section elementor-top-section elementor-element elementor-element-beb15d3 elementor-section-boxed elementor-section-height-default elementor-section-height-default\" data-id=\"beb15d3\" data-element_type=\"section\">\n\t\t\t\t\t\t<div class=\"elementor-container elementor-column-gap-default\">\n\t\t\t\t\t\t\t<div class=\"elementor-row\">\n\t\t\t\t\t<div class=\"elementor-column elementor-col-100 elementor-top-column elementor-element elementor-element-c198639\" data-id=\"c198639\" data-element_type=\"column\">\n\t\t\t<div class=\"elementor-column-wrap elementor-element-populated\">\n\t\t\t\t\t\t\t<div class=\"elementor-widget-wrap\">\n\t\t\t\t\t\t<div class=\"elementor-element elementor-element-72a256e elementor-widget elementor-widget-text-editor\" data-id=\"72a256e\" data-element_type=\"widget\" data-widget_type=\"text-editor.default\">\n\t\t\t\t<div class=\"elementor-widget-container\">\n\t\t\t<style>\/*! elementor - v3.5.4 - 23-01-2022 *\/\n.elementor-widget-text-editor.elementor-drop-cap-view-stacked .elementor-drop-cap{background-color:#818a91;color:#fff}.elementor-widget-text-editor.elementor-drop-cap-view-framed .elementor-drop-cap{color:#818a91;border:3px solid;background-color:transparent}.elementor-widget-text-editor:not(.elementor-drop-cap-view-default) .elementor-drop-cap{margin-top:8px}.elementor-widget-text-editor:not(.elementor-drop-cap-view-default) .elementor-drop-cap-letter{width:1em;height:1em}.elementor-widget-text-editor .elementor-drop-cap{float:left;text-align:center;line-height:1;font-size:50px}.elementor-widget-text-editor .elementor-drop-cap-letter{display:inline-block}<\/style>\t\t\t\t\t<div class=\"elementor-text-editor elementor-clearfix\">\n\t\t\t\t<h1>Pol\u00edtica de cookies<\/h1><p><strong>Conformidade com o artigo 22.2 da Lei 34\/2002, de Servi\u00e7os da Sociedade da Informa\u00e7\u00e3o, colocamos \u00e0 disposi\u00e7\u00e3o dos usu\u00e1rios do nosso site e informamos sobre nossa Pol\u00edtica de Uso de Cookies.<\/strong><\/p><h3>O que \u00e9 um cookie?<\/h3><p>Os cookies s\u00e3o arquivos que cont\u00eam pequenas quantidades de informa\u00e7\u00f5es e que s\u00e3o baixados para o dispositivo do usu\u00e1rio quando ele visita nosso site. O principal objetivo dos cookies \u00e9 reconhecer o usu\u00e1rio cada vez que ele acessa o site, permitindo melhorar sua qualidade e usabilidade (por meio de identificadores que n\u00e3o permitem associ\u00e1-lo a nenhuma pessoa f\u00edsica). Os cookies s\u00e3o essenciais para o funcionamento da internet e dos sites. Eles n\u00e3o podem danificar o dispositivo do usu\u00e1rio e, se estiverem ativados nas configura\u00e7\u00f5es do navegador, ajudam-nos a identificar e corrigir poss\u00edveis problemas de funcionamento do nosso site.<\/p><hr \/><h3>Que tipos de cookies este site utiliza?<\/h3><p>Nosso site utiliza <strong>cookies pr\u00f3prios<\/strong> e <strong>cookies de terceiros<\/strong>.<\/p><ul><li><strong>Cookies pr\u00f3prios<\/strong> s\u00e3o aqueles enviados ao seu dispositivo pela ESTACIONAMIENTOS Y SERVICIOS DE MOVILIDAD S.A. (doravante, Ipark).<\/li><li><strong>Cookies de terceiros<\/strong> s\u00e3o aqueles enviados ao seu dispositivo por outras entidades, como redes sociais ou plugins de conte\u00fado externo.<\/li><\/ul><p>Os cookies tamb\u00e9m podem ser classificados de acordo com sua fun\u00e7\u00e3o ou finalidade (<strong>categorias<\/strong>).<\/p><hr \/><h3>Tipos de cookies por fun\u00e7\u00e3o:<\/h3><ul><li><p><strong>Cookies de Sess\u00e3o<\/strong>:<br \/>Esses cookies duram apenas durante a visita ao site e s\u00e3o exclu\u00eddos quando o usu\u00e1rio fecha o navegador. Seu principal objetivo \u00e9 identificar o tipo de dispositivo, melhorar a seguran\u00e7a ou oferecer funcionalidades b\u00e1sicas. Eles n\u00e3o cont\u00eam informa\u00e7\u00f5es pessoais que permitam identificar um indiv\u00edduo.<\/p><\/li><li><p><strong>Cookies Persistentes ou Permanentes<\/strong>:<br \/>S\u00e3o armazenados no disco r\u00edgido do dispositivo e lidos pelo site toda vez que o usu\u00e1rio o visita. Possuem uma data de validade espec\u00edfica, ap\u00f3s a qual deixam de funcionar. Esses cookies ajudam a identificar as a\u00e7\u00f5es e prefer\u00eancias do usu\u00e1rio, analisar visitas e melhorar os servi\u00e7os oferecidos pelo site.<\/p><\/li><li><p><strong>Cookies de Funcionalidade<\/strong>:<br \/>Esses cookies permitem lembrar as escolhas feitas pelo usu\u00e1rio, como login ou identificadores. As informa\u00e7\u00f5es desses cookies s\u00e3o an\u00f4nimas (n\u00e3o cont\u00eam nome, endere\u00e7o ou outros dados pessoais).<\/p><\/li><li><p><strong>Cookies de An\u00e1lise<\/strong>:<br \/>Esses cookies s\u00e3o usados para manuten\u00e7\u00e3o peri\u00f3dica e para garantir melhor funcionamento e servi\u00e7o ao usu\u00e1rio, coletando dados sobre sua atividade (como tempo de conex\u00e3o, identificador de sess\u00e3o, etc.).<\/p><\/li><\/ul><hr \/><h3>Tipos de cookies por finalidade:<\/h3><ul><li><p><strong>Cookies T\u00e9cnicos<\/strong>:<br \/>S\u00e3o essenciais para o funcionamento correto do site e incluem funcionalidades b\u00e1sicas, como identifica\u00e7\u00e3o de sess\u00e3o ou acesso a \u00e1reas restritas para usu\u00e1rios registrados. Por esses motivos, os cookies t\u00e9cnicos n\u00e3o podem ser desativados.<\/p><\/li><li><p><strong>Cookies de Estat\u00edsticas<\/strong>:<br \/>Utilizamos cookies estat\u00edsticos para analisar como voc\u00ea interage com o site, coletando informa\u00e7\u00f5es an\u00f4nimas durante a navega\u00e7\u00e3o. O objetivo \u00e9 implementar melhorias no site com base na an\u00e1lise dos dados agregados.<\/p><\/li><li><p><strong>Cookies de Marketing<\/strong>:<br \/>Os cookies de marketing ou publicidade s\u00e3o usados para analisar seu comportamento enquanto visita o site e oferecer publicidade personalizada e relevante de acordo com seu perfil.<\/p><\/li><\/ul><hr \/><h3>Informa\u00e7\u00f5es sobre cookies espec\u00edficos:<\/h3><p>Informamos detalhadamente aos usu\u00e1rios sobre os cookies pr\u00f3prios e de terceiros que podem ser instalados pelo nosso site, incluindo uma breve descri\u00e7\u00e3o, a dura\u00e7\u00e3o em seu dispositivo e o respons\u00e1vel pelo cookie, quando este for de terceiros, diferentes de Ipark.<\/p><table><tbody><tr><td width=\"190\"><p>Nombre<\/p><\/td><td width=\"83\"><p>Categoria<\/p><\/td><td width=\"104\"><p>Descripci\u00f3n<\/p><\/td><td width=\"131\"><p>Propiedad<\/p><\/td><td width=\"58\"><p>Duraci\u00f3n<\/p><\/td><\/tr><tr><td width=\"190\"><p>wpml_browser_redirect_test<\/p><\/td><td width=\"83\"><p>Functional<\/p><\/td><td width=\"104\"><p>This cookie is set by WPML WordPress plugin and is used to test if cookies are enabled on the browser.<\/p><\/td><td width=\"131\"><p>parkandflyfaro.com<\/p><\/td><td width=\"58\"><p>session<\/p><\/td><\/tr><tr><td width=\"190\"><p>sessionFunctional_icl_visitor_lang_js<\/p><\/td><td width=\"83\"><p>Functional<\/p><\/td><td width=\"104\"><p>WPML sets this cookie to store the redirected language.<\/p><\/td><td width=\"131\"><p>.parkandflyfaro.com<\/p><\/td><td width=\"58\"><p>1 day<\/p><\/td><\/tr><tr><td width=\"190\"><p>wp-wpml_current_language<\/p><\/td><td width=\"83\"><p>Functional<\/p><\/td><td width=\"104\"><p>WordPress multilingual plugin sets this cookie to store the current language\/language settings.<\/p><\/td><td width=\"131\"><p>parkandflyfaro.com<\/p><\/td><td width=\"58\"><p>session<\/p><\/td><\/tr><tr><td width=\"190\"><p>i<\/p><\/td><td width=\"83\"><p>Advertisement<\/p><\/td><td width=\"104\"><p>This cookie is set by OpenX to record anonymized user data, such as IP address, geographical location, websites visited, ads clicked by the user etc., for relevant advertising.<\/p><\/td><td width=\"131\"><p>.yandex.ru<\/p><\/td><td width=\"58\"><p>1 year 1 month 4 days<\/p><\/td><\/tr><tr><td width=\"190\"><p>yandexuid<\/p><\/td><td width=\"83\"><p>Analytics<\/p><\/td><td width=\"104\"><p>Yandex sets this cookie to identify the users and also collects information about how visitors use the website, and this information is used for internal analysis and site optimization.<\/p><\/td><td width=\"131\"><p>.yandex.ru<\/p><\/td><td width=\"58\"><p>1 year 1 month 4 days<\/p><\/td><\/tr><tr><td width=\"190\"><p>yashr<\/p><\/td><td width=\"83\"><p>Other<\/p><\/td><td width=\"104\"><p>\u00a0<\/p><\/td><td width=\"131\"><p>.yandex.ru<\/p><\/td><td width=\"58\"><p>1 year<\/p><\/td><\/tr><tr><td width=\"190\"><p>bh<\/p><\/td><td width=\"83\"><p>Other<\/p><\/td><td width=\"104\"><p>No description available.<\/p><p>\u00a0<\/p><\/td><td width=\"131\"><p>.yandex.ru<\/p><\/td><td width=\"58\"><p>1 year 1 month 4 days<\/p><\/td><\/tr><tr><td width=\"190\"><p>_ym_uid<\/p><\/td><td width=\"83\"><p>Analytics<\/p><\/td><td width=\"104\"><p>Yandex sets this cookie to identify site users.<\/p><\/td><td width=\"131\"><p>.parkandflyfaro.com<\/p><\/td><td width=\"58\"><p>1 year<\/p><\/td><\/tr><tr><td width=\"190\"><p>_ym_d<\/p><\/td><td width=\"83\"><p>Analytics<\/p><\/td><td width=\"104\"><p>Yandex sets this cookie to store the date of the users first site session.<\/p><\/td><td width=\"131\"><p>.parkandflyfaro.com<\/p><\/td><td width=\"58\"><p>1 year<\/p><\/td><\/tr><tr><td width=\"190\"><p>sync_cookie_csrf<\/p><\/td><td width=\"83\"><p>Other<\/p><\/td><td width=\"104\"><p>This cookie is set by the Yandex metrica. This cookie is used to monitor the connection with the website and third party Data Management Platforms. The cookie also collects information on the user behaviour on the website which is used for optimizing the website.<\/p><\/td><td width=\"131\"><p>.mc.yandex.com<\/p><\/td><td width=\"58\"><p>10 minutes<\/p><\/td><\/tr><tr><td width=\"190\"><p>bh<\/p><\/td><td width=\"83\"><p>Other<\/p><\/td><td width=\"104\"><p>No description available.<\/p><\/td><td width=\"131\"><p>.yandex.com<\/p><\/td><td width=\"58\"><p>1 year 1 month 4 days<\/p><\/td><\/tr><tr><td width=\"190\"><p>yashr<\/p><\/td><td width=\"83\"><p>Other<\/p><\/td><td width=\"104\"><p>\u00a0<\/p><\/td><td width=\"131\"><p>.yandex.com<\/p><\/td><td width=\"58\"><p>1 year<\/p><\/td><\/tr><tr><td width=\"190\"><p>_ym_isad<\/p><\/td><td width=\"83\"><p>Analytics<\/p><\/td><td width=\"104\"><p>Yandex sets this cookie to determine if a visitor has ad blockers.<\/p><\/td><td width=\"131\"><p>.parkandflyfaro.com<\/p><\/td><td width=\"58\"><p>20 hours<\/p><\/td><\/tr><tr><td width=\"190\"><p>sync_cookie_csrf<\/p><\/td><td width=\"83\"><p>Other<\/p><\/td><td width=\"104\"><p>This cookie is set by the Yandex metrica. This cookie is used to monitor the connection with the website and third party Data Management Platforms. The cookie also collects information on the user behaviour on the website which is used for optimizing the website.<\/p><\/td><td width=\"131\"><p>.mc.yandex.ru<\/p><\/td><td width=\"58\"><p>10 minutes<\/p><\/td><\/tr><tr><td width=\"190\"><p>yandexuid<\/p><\/td><td width=\"83\"><p>Analytics<\/p><\/td><td width=\"104\"><p>Yandex sets this cookie to identify the users and also collects information about how visitors use the website, and this information is used for internal analysis and site optimization.<\/p><\/td><td width=\"131\"><p>.yandex.com<\/p><\/td><td width=\"58\"><p>1 year 1 month 4 days<\/p><\/td><\/tr><tr><td width=\"190\"><p>yuidss<\/p><\/td><td width=\"83\"><p>Performance<\/p><\/td><td width=\"104\"><p>Yandex stores this cookie in the user&#8217;s browser in order to recognize the visitor.<\/p><\/td><td width=\"131\"><p>.yandex.com<\/p><\/td><td width=\"58\"><p>1 year 1 month 4 days<\/p><\/td><\/tr><tr><td width=\"190\"><p>i<\/p><\/td><td width=\"83\"><p>Advertisement<\/p><\/td><td width=\"104\"><p>This cookie is set by OpenX to record anonymized user data, such as IP address, geographical location, websites visited, ads clicked by the user etc., for relevant advertising.<\/p><\/td><td width=\"131\"><p>.yandex.com<\/p><\/td><td width=\"58\"><p>1 year 1 month 4 days<\/p><\/td><\/tr><tr><td width=\"190\"><p>yp<\/p><\/td><td width=\"83\"><p>Analytics<\/p><\/td><td width=\"104\"><p>Yandex sets this cookie to compile anonymous information on users\u2019 browsing, to know the origin of the visits and other statistical data.<\/p><\/td><td width=\"131\"><p>.yandex.com<\/p><\/td><td width=\"58\"><p>1 year 1 month 4 days<\/p><\/td><\/tr><tr><td width=\"190\"><p>ymex<\/p><\/td><td width=\"83\"><p>Performance<\/p><\/td><td width=\"104\"><p>Yandex sets this cookie to collect information about the user behaviour on the website. This information is used for website analysis and for website optimisation.<\/p><\/td><td width=\"131\"><p>.yandex.com<\/p><\/td><td width=\"58\"><p>1 year<\/p><\/td><\/tr><tr><td width=\"190\"><p>sync_cookie_ok<\/p><\/td><td width=\"83\"><p>Advertisement<\/p><\/td><td width=\"104\"><p>This cookie is set by the provider WebVisor. This cookie is used for marketing purposes.<\/p><\/td><td width=\"131\"><p>.mc.yandex.com<\/p><\/td><td width=\"58\"><p>1 day<\/p><\/td><\/tr><tr><td width=\"190\"><p>callbacktracker<\/p><\/td><td width=\"83\"><p>Other<\/p><\/td><td width=\"104\"><p>No description available.<\/p><\/td><td width=\"131\"><p>parkandflyfaro.com<\/p><\/td><td width=\"58\"><p>1 year<\/p><\/td><\/tr><tr><td width=\"190\"><p>yabs-sid<\/p><\/td><td width=\"83\"><p>Analytics<\/p><\/td><td width=\"104\"><p>Yandex sets this cookie to store the session ID.<\/p><\/td><td width=\"131\"><p>mc.yandex.com<\/p><\/td><td width=\"58\"><p>session<\/p><\/td><\/tr><tr><td width=\"190\"><p>receive-cookie-deprecation<\/p><\/td><td width=\"83\"><p>Other<\/p><\/td><td width=\"104\"><p>\u00a0<\/p><\/td><td width=\"131\"><p>.yandex.com<\/p><p>\u00a0<\/p><\/td><td width=\"58\"><p>1 year<\/p><\/td><\/tr><tr><td width=\"190\"><p>_ym_visorc<\/p><\/td><td width=\"83\"><p>Performance<\/p><\/td><td width=\"104\"><p>Yandex sets this cookie to allow the site&#8217;s Session Replay to function correctly.<\/p><\/td><td width=\"131\"><p>.parkandflyfaro.com<\/p><\/td><td width=\"58\"><p>1 hour<\/p><\/td><\/tr><tr><td width=\"190\"><p>_yasc<\/p><\/td><td width=\"83\"><p>Other<\/p><\/td><td width=\"104\"><p>\u00a0<\/p><\/td><td width=\"131\"><p>.yandex.ru<\/p><\/td><td width=\"58\"><p>10 years<\/p><\/td><\/tr><tr><td width=\"190\"><p>_yasc<\/p><\/td><td width=\"83\"><p>Other<\/p><\/td><td width=\"104\"><p>\u00a0<\/p><\/td><td width=\"131\"><p>.yandex.com<\/p><\/td><td width=\"58\"><p>10 years<\/p><\/td><\/tr><tr><td width=\"190\"><p>_ym_synced<\/p><\/td><td width=\"83\"><p>Other<\/p><\/td><td width=\"104\"><p>\u00a0<\/p><\/td><td width=\"131\"><p>parkandflyfaro.com<\/p><\/td><td width=\"58\"><p>never<\/p><\/td><\/tr><tr><td width=\"190\"><p>_ym_retryReqs<\/p><\/td><td width=\"83\"><p>Other<\/p><\/td><td width=\"104\"><p>\u00a0<\/p><\/td><td width=\"131\"><p>parkandflyfaro.com<\/p><\/td><td width=\"58\"><p>never<\/p><\/td><\/tr><tr><td width=\"190\"><p>_ym_wv2rf:85935771:0<\/p><\/td><td width=\"83\"><p>Other<\/p><\/td><td width=\"104\"><p>\u00a0<\/p><\/td><td width=\"131\"><p>parkandflyfaro.com<\/p><\/td><td width=\"58\"><p>never<\/p><\/td><\/tr><tr><td width=\"190\"><p>_ym85935771_lsid<\/p><\/td><td width=\"83\"><p>Other<\/p><\/td><td width=\"104\"><p>\u00a0<\/p><\/td><td width=\"131\"><p>parkandflyfaro.com<\/p><\/td><td width=\"58\"><p>never<\/p><\/td><\/tr><tr><td width=\"190\"><p>elementor<\/p><\/td><td width=\"83\"><p>Necessary<\/p><\/td><td width=\"104\"><p>This cookie is used by the website&#8217;s WordPress theme. It allows the website owner to implement or change the website&#8217;s content in real-time.<\/p><\/td><td width=\"131\"><p>parkandflyfaro.com<\/p><\/td><td width=\"58\"><p>never<\/p><\/td><\/tr><tr><td width=\"190\"><p>_ym85935771:0_reqNum<\/p><\/td><td width=\"83\"><p>Other<\/p><\/td><td width=\"104\"><p>\u00a0<\/p><\/td><td width=\"131\"><p>parkandflyfaro.com<\/p><\/td><td width=\"58\"><p>never<\/p><\/td><\/tr><tr><td width=\"190\"><p>wpEmojiSettingsSupports<\/p><\/td><td width=\"83\"><p>Necessary<\/p><\/td><td width=\"104\"><p>WordPress sets this cookie when a user interacts with emojis on a WordPress site. It helps determine if the user&#8217;s browser can display emojis properly.<\/p><\/td><td width=\"131\"><p>parkandflyfaro.com<\/p><\/td><td width=\"58\"><p>session<\/p><\/td><\/tr><tr><td width=\"190\"><p>__ym_tab_guid<\/p><\/td><td width=\"83\"><p>Other<\/p><\/td><td width=\"104\"><p>\u00a0<\/p><\/td><td width=\"131\"><p>parkandflyfaro.com<\/p><\/td><td width=\"58\"><p>session<\/p><\/td><\/tr><tr><td width=\"190\"><p>cookieyes-consent<\/p><\/td><td width=\"83\"><p>Necessary<\/p><\/td><td width=\"104\"><p>CookieYes sets this cookie to remember users&#8217; consent preferences so that their preferences are respected on their subsequent visits to this site. It does not collect or store any personal information of the site visitors.<\/p><\/td><td width=\"131\"><p>.parkandflyfaro.com<\/p><\/td><td width=\"58\"><p>1 year<\/p><\/td><\/tr><tr><td width=\"190\"><p>cbsession<\/p><\/td><td width=\"83\"><p>Other<\/p><\/td><td width=\"104\"><p>\u00a0<\/p><\/td><td width=\"131\"><p>app.callbacktracker.com<\/p><\/td><td width=\"58\"><p>1 month<\/p><\/td><\/tr><\/tbody><\/table><p>Com base na navega\u00e7\u00e3o do usu\u00e1rio, todos ou apenas alguns cookies podem ser instalados.<\/p><hr \/><h3>Como permitir ou bloquear cookies?<\/h3><p>Ao acessar o site, uma mensagem sobre cookies ser\u00e1 exibida, informando como voc\u00ea pode aceitar ou rejeitar a instala\u00e7\u00e3o de cookies. O usu\u00e1rio pode, a qualquer momento, rejeitar ou configurar o uso de cookies na tela de configura\u00e7\u00f5es.<\/p><p>Al\u00e9m disso, \u00e9 poss\u00edvel configurar o navegador para desabilitar ou excluir cookies a qualquer momento, ou limpar os dados de navega\u00e7\u00e3o. Abaixo, fornecemos informa\u00e7\u00f5es sobre os navegadores mais comuns. Em caso de d\u00favida, consulte o menu de ajuda do seu navegador:<\/p><ul><li>Configura\u00e7\u00f5es de cookies no <a target=\"_new\" rel=\"noopener\">Google Chrome<\/a><\/li><li>Configura\u00e7\u00f5es de cookies no <a href=\"https:\/\/support.mozilla.org\/pt-BR\/kb\/habilitar-e-desabilitar-cookies-site-preferencias\" target=\"_new\" rel=\"noopener\">Mozilla Firefox<\/a><\/li><li>Configura\u00e7\u00f5es de cookies no <a href=\"https:\/\/support.microsoft.com\/windows\" target=\"_new\" rel=\"noopener\">Internet Explorer<\/a><\/li><li>Configura\u00e7\u00f5es de cookies no <a href=\"https:\/\/support.apple.com\/pt-br\/guide\/safari\/sfri11471\/mac\" target=\"_new\" rel=\"noopener\">Safari<\/a><\/li><li>Configura\u00e7\u00f5es de cookies no <a href=\"https:\/\/support.microsoft.com\/microsoft-edge\" target=\"_new\" rel=\"noopener\">Microsoft Edge<\/a><\/li><\/ul><p>Se o seu navegador n\u00e3o estiver listado, consulte as op\u00e7\u00f5es dispon\u00edveis no navegador que voc\u00ea usa.<\/p><p>Lembre-se de que voc\u00ea pode usar o modo de navega\u00e7\u00e3o privada do navegador para evitar o armazenamento do hist\u00f3rico de navega\u00e7\u00e3o e dos cookies.<\/p><p>Al\u00e9m disso, o Google oferece um complemento para o navegador Chrome, que impede o uso do Google Analytics. Voc\u00ea pode baix\u00e1-lo neste link: <a href=\"https:\/\/tools.google.com\/dlpage\/gaoptout?hl=None\" target=\"_new\" rel=\"noopener\">https:\/\/tools.google.com\/dlpage\/gaoptout?hl=None<\/a>.<\/p><hr \/><h3>Cookies em dispositivos m\u00f3veis:<\/h3><p>O site tamb\u00e9m utiliza cookies em dispositivos m\u00f3veis. Voc\u00ea pode modificar as op\u00e7\u00f5es de privacidade do seu dispositivo acessando os seguintes links com instru\u00e7\u00f5es para gerenciar suas prefer\u00eancias:<\/p><ul><li>iOS<\/li><li>Windows Phone<\/li><li>Chrome Mobile<\/li><li>Opera Mobile<\/li><\/ul><p>Lembre-se de que, ao desativar os cookies, certas fun\u00e7\u00f5es podem n\u00e3o estar dispon\u00edveis.<\/p><hr \/><h3>Atualiza\u00e7\u00f5es e mudan\u00e7as na Pol\u00edtica de Cookies:<\/h3><p>Esta Pol\u00edtica de Cookies pode ser atualizada para atender a exig\u00eancias legais ou regulamentares, ou para se adequar a instru\u00e7\u00f5es emitidas pela Autoridade de Prote\u00e7\u00e3o de Dados. Quando houver mudan\u00e7as significativas nesta Pol\u00edtica, os usu\u00e1rios ser\u00e3o informados por meio de um aviso no site ou por e-mail, no caso de usu\u00e1rios registrados.<\/p><hr \/><h3>Elabora\u00e7\u00e3o de Perfis:<\/h3><p>Utilizamos cookies de terceiros que permitem a cria\u00e7\u00e3o de perfis de usu\u00e1rios para oferecer publicidade personalizada com base nesse perfil. Voc\u00ea pode obter mais informa\u00e7\u00f5es sobre isso nas pol\u00edticas dos terceiros (consulte os links fornecidos na se\u00e7\u00e3o &#8220;Que tipos de cookies este site utiliza?&#8221;).<\/p><hr \/><h3>Transfer\u00eancias para terceiros pa\u00edses:<\/h3><p>Informa\u00e7\u00f5es sobre transfer\u00eancias para terceiros pa\u00edses realizadas por terceiros identificados nesta pol\u00edtica de cookies podem ser encontradas em suas respectivas pol\u00edticas (consulte os links fornecidos na se\u00e7\u00e3o &#8220;Que tipos de cookies este site utiliza?&#8221;).<\/p><hr \/><h3>Mais informa\u00e7\u00f5es:<\/h3><p>No Grupo Ipark, temos um compromisso firme com a prote\u00e7\u00e3o da privacidade. Para mais informa\u00e7\u00f5es, acesse nossa Pol\u00edtica de Privacidade ou entre em contato conosco por meio dos dados fornecidos no in\u00edcio deste documento.<\/p>\t\t\t\t\t<\/div>\n\t\t\t\t\t\t<\/div>\n\t\t\t\t<\/div>\n\t\t\t\t\t\t<\/div>\n\t\t\t\t\t<\/div>\n\t\t<\/div>\n\t\t\t\t\t\t\t\t<\/div>\n\t\t\t\t\t<\/div>\n\t\t<\/section>\n\t\t\t\t\t\t<\/div>\n\t\t\t\t\t\t<\/div>\n\t\t\t\t\t<\/div>\n\t\t","protected":false},"excerpt":{"rendered":"<p>Pol\u00edtica de cookies Conformidade com o artigo 22.2 da Lei 34\/2002, de Servi\u00e7os da Sociedade da Informa\u00e7\u00e3o, colocamos \u00e0 disposi\u00e7\u00e3o dos usu\u00e1rios do nosso site e informamos sobre nossa Pol\u00edtica de Uso de Cookies. O que \u00e9 um cookie? Os cookies s\u00e3o arquivos que cont\u00eam pequenas quantidades de informa\u00e7\u00f5es e que s\u00e3o baixados para o [&hellip;]<\/p>\n","protected":false},"author":1,"featured_media":0,"parent":0,"menu_order":0,"comment_status":"closed","ping_status":"closed","template":"","meta":{"footnotes":""},"class_list":["post-2003","page","type-page","status-publish","hentry"],"_links":{"self":[{"href":"https:\/\/parkandflyfaro.com\/pt-pt\/wp-json\/wp\/v2\/pages\/2003","targetHints":{"allow":["GET"]}}],"collection":[{"href":"https:\/\/parkandflyfaro.com\/pt-pt\/wp-json\/wp\/v2\/pages"}],"about":[{"href":"https:\/\/parkandflyfaro.com\/pt-pt\/wp-json\/wp\/v2\/types\/page"}],"author":[{"embeddable":true,"href":"https:\/\/parkandflyfaro.com\/pt-pt\/wp-json\/wp\/v2\/users\/1"}],"replies":[{"embeddable":true,"href":"https:\/\/parkandflyfaro.com\/pt-pt\/wp-json\/wp\/v2\/comments?post=2003"}],"version-history":[{"count":10,"href":"https:\/\/parkandflyfaro.com\/pt-pt\/wp-json\/wp\/v2\/pages\/2003\/revisions"}],"predecessor-version":[{"id":2109,"href":"https:\/\/parkandflyfaro.com\/pt-pt\/wp-json\/wp\/v2\/pages\/2003\/revisions\/2109"}],"wp:attachment":[{"href":"https:\/\/parkandflyfaro.com\/pt-pt\/wp-json\/wp\/v2\/media?parent=2003"}],"curies":[{"name":"wp","href":"https:\/\/api.w.org\/{rel}","templated":true}]}}